{"id":14,"date":"2023-06-20T13:36:01","date_gmt":"2023-06-20T13:36:01","guid":{"rendered":"https:\/\/tokensrl.it\/?page_id=14"},"modified":"2023-06-21T13:28:52","modified_gmt":"2023-06-21T13:28:52","slug":"home","status":"publish","type":"page","link":"https:\/\/tokensrl.it\/","title":{"rendered":"Home"},"content":{"rendered":"\n<div class=\"wp-block-cover alignfull\" style=\"min-height:720px;aspect-ratio:unset;\"><span aria-hidden=\"true\" class=\"wp-block-cover__background has-background-dim wp-block-cover__gradient-background has-background-gradient\" style=\"background:linear-gradient(35deg,rgb(6,0,151) 0%,rgb(130,4,255) 73%,rgb(193,15,255) 100%)\"><\/span><img loading=\"lazy\" decoding=\"async\" width=\"2560\" height=\"1709\" class=\"wp-block-cover__image-background wp-image-70\" alt=\"\" src=\"https:\/\/tokensrl.it\/wp-content\/uploads\/2023\/06\/pexels-panumas-nikhomkhai-1148820-1-scaled.jpg\" data-object-fit=\"cover\" srcset=\"https:\/\/tokensrl.it\/wp-content\/uploads\/2023\/06\/pexels-panumas-nikhomkhai-1148820-1-scaled.jpg 2560w, https:\/\/tokensrl.it\/wp-content\/uploads\/2023\/06\/pexels-panumas-nikhomkhai-1148820-1-300x200.jpg 300w, https:\/\/tokensrl.it\/wp-content\/uploads\/2023\/06\/pexels-panumas-nikhomkhai-1148820-1-1024x684.jpg 1024w, https:\/\/tokensrl.it\/wp-content\/uploads\/2023\/06\/pexels-panumas-nikhomkhai-1148820-1-768x513.jpg 768w, https:\/\/tokensrl.it\/wp-content\/uploads\/2023\/06\/pexels-panumas-nikhomkhai-1148820-1-1536x1025.jpg 1536w, https:\/\/tokensrl.it\/wp-content\/uploads\/2023\/06\/pexels-panumas-nikhomkhai-1148820-1-2048x1367.jpg 2048w\" sizes=\"auto, (max-width: 2560px) 100vw, 2560px\" \/><div class=\"wp-block-cover__inner-container is-layout-flow wp-block-cover-is-layout-flow\">\n<div class=\"inherit-container-width wp-block-group alignwide is-layout-constrained wp-block-group-is-layout-constrained\">\n<h2 class=\"wp-block-heading\">Forniamo servizi di telecomunicazione avanzati a vettori di tutto il mondo<\/h2>\n<\/div>\n\n\n\n<p>Espandi la tua attivit\u00e0 a livello globale, sfruttando le soluzioni di telecomunicazioni.<\/p>\n\n\n\n<div class=\"wp-block-file alignleft\"><a id=\"wp-block-file--media-93340d09-574b-4fbb-9471-f8d21d03e97b\" href=\"https:\/\/tokensrl.it\/wp-content\/uploads\/2023\/06\/Brochure-stampabile-1.pdf\">Brochure-stampabile-1<\/a><a href=\"https:\/\/tokensrl.it\/wp-content\/uploads\/2023\/06\/Brochure-stampabile-1.pdf\" class=\"wp-block-file__button wp-element-button\" download aria-describedby=\"wp-block-file--media-93340d09-574b-4fbb-9471-f8d21d03e97b\">Scarica la brochure<\/a><\/div>\n<\/div><\/div>\n\n\n\n<div class=\"wp-block-group alignfull has-ast-global-color-5-background-color has-background is-layout-constrained wp-container-core-group-is-layout-9cedb757 wp-block-group-is-layout-constrained\" style=\"padding-bottom:0px\">\n<div class=\"wp-block-columns are-vertically-aligned-top is-layout-flex wp-container-core-columns-is-layout-00723822 wp-block-columns-is-layout-flex\">\n<div class=\"wp-block-column is-vertically-aligned-top is-layout-flow wp-container-core-column-is-layout-6b73ce23 wp-block-column-is-layout-flow\">\n<h3 class=\"wp-block-heading has-text-align-left\" style=\"margin-top:16px\">Servizi voce<\/h3>\n\n\n\n<p class=\"has-text-align-left\">Le soluzioni ideali per far decollare il tuo business<\/p>\n<\/div>\n\n\n\n<div class=\"wp-block-column is-vertically-aligned-top is-layout-flow wp-container-core-column-is-layout-6b73ce23 wp-block-column-is-layout-flow\">\n<h3 class=\"wp-block-heading has-text-align-left\" style=\"margin-top:16px\">Servizi In Entrata Globali<\/h3>\n\n\n\n<p>Gestiamo le tue chiamate in ogni singolo paese del mondo<\/p>\n<\/div>\n\n\n\n<div class=\"wp-block-column is-vertically-aligned-top is-layout-flow wp-container-core-column-is-layout-6b73ce23 wp-block-column-is-layout-flow\">\n<h3 class=\"wp-block-heading has-text-align-left\" style=\"margin-top:16px\">Servizi per rivenditori, aziende, call center<\/h3>\n\n\n\n<p class=\"has-text-align-left\">Supporto tecnico, numeri dedicati, garanzia di affidabilit\u00e0 anche su grandi volumi.<\/p>\n<\/div>\n\n\n\n<div class=\"wp-block-column is-vertically-aligned-top is-layout-flow wp-container-core-column-is-layout-6b73ce23 wp-block-column-is-layout-flow\">\n<h3 class=\"wp-block-heading has-text-align-left\" style=\"margin-top:16px\">Servizi SMS<\/h3>\n\n\n\n<p class=\"has-text-align-left\">Crea le tue campagne marketing con i messaggi di testo SMS personalizzati<\/p>\n<\/div>\n<\/div>\n<\/div>\n\n\n\n<div class=\"wp-block-group alignfull is-layout-constrained wp-container-core-group-is-layout-45b0ac4f wp-block-group-is-layout-constrained\" id=\"services\" style=\"padding-top:144px;padding-bottom:0px\">\n<h2 class=\"wp-block-heading\">I nostri servizi<\/h2>\n\n\n\n<div class=\"wp-block-columns is-layout-flex wp-container-core-columns-is-layout-60cbf9bb wp-block-columns-is-layout-flex\" style=\"margin-top:50px\">\n<div class=\"wp-block-column is-layout-flow wp-container-core-column-is-layout-6b73ce23 wp-block-column-is-layout-flow\">\n<figure class=\"wp-block-image size-large\"><img loading=\"lazy\" decoding=\"async\" width=\"1024\" height=\"683\" src=\"https:\/\/tokensrl.it\/wp-content\/uploads\/2023\/06\/pexels-andrea-piacquadio-920382-1024x683.jpg\" alt=\"\" class=\"wp-image-45\" srcset=\"https:\/\/tokensrl.it\/wp-content\/uploads\/2023\/06\/pexels-andrea-piacquadio-920382-1024x683.jpg 1024w, https:\/\/tokensrl.it\/wp-content\/uploads\/2023\/06\/pexels-andrea-piacquadio-920382-300x200.jpg 300w, https:\/\/tokensrl.it\/wp-content\/uploads\/2023\/06\/pexels-andrea-piacquadio-920382-768x512.jpg 768w, https:\/\/tokensrl.it\/wp-content\/uploads\/2023\/06\/pexels-andrea-piacquadio-920382-1536x1024.jpg 1536w, https:\/\/tokensrl.it\/wp-content\/uploads\/2023\/06\/pexels-andrea-piacquadio-920382-2048x1366.jpg 2048w\" sizes=\"auto, (max-width: 1024px) 100vw, 1024px\" \/><\/figure>\n\n\n\n<h3 class=\"wp-block-heading\" style=\"margin-top:16px\">Servizi Voce<\/h3>\n\n\n\n<p>Offriamo servizi voce di alta qualit\u00e0 attraverso le nostre infrastrutture di commutazione e di rete. Le partnership con i principali operatori mondiali e vettori internazionali ci permettono di offrire diverse soluzioni basate su numerosi piani. Contattaci e scopri quello pi\u00f9 adatto alle tue esigenze.<\/p>\n\n\n\n<p>Le nostre infrastrutture permettono sempre la migliore connessione sia in termini di stabilit\u00e0 che di velocit\u00e0, per il tuo traffico vocale. Siamo focalizzati alle esigenze di alta qualit\u00e0 degli operatori fissi e mobili. Attraverso le nostre infrastrutture gestiamo grandi volumi di traffico coprendo destinazioni in tutto il mondo e garantendo elevati standard di successo.<\/p>\n\n\n\n<p><\/p>\n<\/div>\n\n\n\n<div class=\"wp-block-column is-layout-flow wp-container-core-column-is-layout-6b73ce23 wp-block-column-is-layout-flow\">\n<figure class=\"wp-block-image size-large\"><img loading=\"lazy\" decoding=\"async\" width=\"1024\" height=\"683\" src=\"https:\/\/tokensrl.it\/wp-content\/uploads\/2023\/06\/pexels-nataliya-vaitkevich-7236026-1024x683.jpg\" alt=\"\" class=\"wp-image-47\" srcset=\"https:\/\/tokensrl.it\/wp-content\/uploads\/2023\/06\/pexels-nataliya-vaitkevich-7236026-1024x683.jpg 1024w, https:\/\/tokensrl.it\/wp-content\/uploads\/2023\/06\/pexels-nataliya-vaitkevich-7236026-300x200.jpg 300w, https:\/\/tokensrl.it\/wp-content\/uploads\/2023\/06\/pexels-nataliya-vaitkevich-7236026-768x512.jpg 768w, https:\/\/tokensrl.it\/wp-content\/uploads\/2023\/06\/pexels-nataliya-vaitkevich-7236026-1536x1024.jpg 1536w, https:\/\/tokensrl.it\/wp-content\/uploads\/2023\/06\/pexels-nataliya-vaitkevich-7236026-2048x1365.jpg 2048w\" sizes=\"auto, (max-width: 1024px) 100vw, 1024px\" \/><\/figure>\n\n\n\n<h3 class=\"wp-block-heading\" style=\"margin-top:16px\">Servizi In Entrata Globali<\/h3>\n\n\n\n<p>Siamo in grado di offrire numeri di accesso locale e numeri verdi. Potrai cos\u00ec gestire le tue chiamate in ogni singolo paese del mondo, ed essere cos\u00ec immediatamente riconoscibile al livello globale, presentando un&#8217;immagine internazionale. <\/p>\n\n\n\n<p>Consentiamo alle aziende di avere una presenza globale conveniente. Il nostro Team ti guider\u00e0 alla scelta delle tariffe personalizzate per te. In noi, troverai il partner commerciale ideale, in grado di coadiuvarti nello sviluppo della tua rete commerciale globale. <\/p>\n\n\n\n<p>I numeri geolocalizzati ti offrono il vantaggio di una tariffa locale per le chiamate al tuo cliente e ti forniscono un&#8217;immagine aziendale specifica per la localit\u00e0.<\/p>\n<\/div>\n\n\n\n<div class=\"wp-block-column is-layout-flow wp-container-core-column-is-layout-6b73ce23 wp-block-column-is-layout-flow\">\n<figure class=\"wp-block-image size-large\"><img loading=\"lazy\" decoding=\"async\" width=\"1024\" height=\"683\" src=\"https:\/\/tokensrl.it\/wp-content\/uploads\/2023\/06\/pexels-tima-miroshnichenko-5453818-1024x683.jpg\" alt=\"\" class=\"wp-image-48\" srcset=\"https:\/\/tokensrl.it\/wp-content\/uploads\/2023\/06\/pexels-tima-miroshnichenko-5453818-1024x683.jpg 1024w, https:\/\/tokensrl.it\/wp-content\/uploads\/2023\/06\/pexels-tima-miroshnichenko-5453818-300x200.jpg 300w, https:\/\/tokensrl.it\/wp-content\/uploads\/2023\/06\/pexels-tima-miroshnichenko-5453818-768x512.jpg 768w, https:\/\/tokensrl.it\/wp-content\/uploads\/2023\/06\/pexels-tima-miroshnichenko-5453818-1536x1024.jpg 1536w, https:\/\/tokensrl.it\/wp-content\/uploads\/2023\/06\/pexels-tima-miroshnichenko-5453818-2048x1365.jpg 2048w\" sizes=\"auto, (max-width: 1024px) 100vw, 1024px\" \/><\/figure>\n\n\n\n<h3 class=\"wp-block-heading\" style=\"margin-top:16px\">Servizi per rivenditori, aziende, call center<\/h3>\n\n\n\n<p>Se sei un rivenditore, un call center, un&#8217;azienda, il nostro team ti seguir\u00e0 passo passo per trovare le soluzioni migliori adatte alle tue esigenze. La nostra infrastruttura ti permette di offrire ai tuoi utenti finali la qualit\u00e0 del servizio richiesto. <\/p>\n\n\n\n<p>Niente costi aggiuntivi o nascosti. Ti guidiamo per scegliere e personalizzare le tue tariffe, verso ogni destinazione nel mondo. Siamo in grado di gestire elevati volumi di traffico garantendo sempre la massima qualit\u00e0 ed affidabilit\u00e0&#8230;.ogni tua chiamata arriver\u00e0 sempre a destinazione&#8230;inoltre avrai sempre, per ogni chiamata, l&#8217;ID chiamante.<\/p>\n<\/div>\n<\/div>\n<\/div>\n\n\n\n<div class=\"wp-block-group alignfull has-ast-global-color-5-background-color has-background is-layout-constrained wp-container-core-group-is-layout-94d206d0 wp-block-group-is-layout-constrained\" id=\"about\" style=\"padding-top:143px;padding-bottom:144px\">\n<div class=\"wp-block-media-text has-media-on-the-right is-stacked-on-mobile is-vertically-aligned-center\"><div class=\"wp-block-media-text__content\">\n<div class=\"inherit-container-width wp-block-group is-layout-constrained wp-container-core-group-is-layout-47ce07ec wp-block-group-is-layout-constrained\" style=\"padding-right:80px\">\n<h2 class=\"wp-block-heading\" style=\"padding-right:40px\">Servizi SMS<\/h2>\n\n\n\n<h3 class=\"wp-block-heading\">Crea le tue campagne marketing con i messaggi di testo SMS personalizzati<\/h3>\n\n\n\n<p>La nostra piattaforma di marketing ti consente di comunicare direttamente con i tuoi clienti, in maniera efficace e veloce.<\/p>\n\n\n\n<p>ideale per aziende di ogni dimensione, nonch\u00e9 per agenzie di marketing digitale, che desiderano implementare il marketing via SMS, aumentare le vendite e il coinvolgimento dei clienti. <\/p>\n\n\n\n<p>Attualmente lo strumento di marketing pi\u00f9 veloce ed efficace \u00e8 quello attraverso gli SMS, in quanto riesce a raggiungere immediatamente il tuo target di riferimento.<\/p>\n<\/div>\n<\/div><figure class=\"wp-block-media-text__media\"><img loading=\"lazy\" decoding=\"async\" width=\"1024\" height=\"634\" src=\"https:\/\/tokensrl.it\/wp-content\/uploads\/2023\/06\/pexels-andrea-piacquadio-859265-1-1024x634.jpg\" alt=\"\" class=\"wp-image-49 size-full\" srcset=\"https:\/\/tokensrl.it\/wp-content\/uploads\/2023\/06\/pexels-andrea-piacquadio-859265-1-1024x634.jpg 1024w, https:\/\/tokensrl.it\/wp-content\/uploads\/2023\/06\/pexels-andrea-piacquadio-859265-1-300x186.jpg 300w, https:\/\/tokensrl.it\/wp-content\/uploads\/2023\/06\/pexels-andrea-piacquadio-859265-1-768x476.jpg 768w, https:\/\/tokensrl.it\/wp-content\/uploads\/2023\/06\/pexels-andrea-piacquadio-859265-1-1536x951.jpg 1536w, https:\/\/tokensrl.it\/wp-content\/uploads\/2023\/06\/pexels-andrea-piacquadio-859265-1-2048x1268.jpg 2048w\" sizes=\"auto, (max-width: 1024px) 100vw, 1024px\" \/><\/figure><\/div>\n<\/div>\n\n\n\n<div class=\"wp-block-group alignfull has-ast-global-color-4-background-color has-background is-layout-constrained wp-container-core-group-is-layout-6a2cfb7b wp-block-group-is-layout-constrained\" id=\"reviews\">\n<figure class=\"wp-block-image aligncenter size-large is-resized\"><img decoding=\"async\" src=\"https:\/\/tokensrl.it\/wp-content\/uploads\/2023\/06\/pexels-fauxels-3184418-1024x683.jpg\" alt=\"\" class=\"wp-image-51\" width=\"-320\" height=\"-213\" srcset=\"https:\/\/tokensrl.it\/wp-content\/uploads\/2023\/06\/pexels-fauxels-3184418-1024x683.jpg 1024w, https:\/\/tokensrl.it\/wp-content\/uploads\/2023\/06\/pexels-fauxels-3184418-300x200.jpg 300w, https:\/\/tokensrl.it\/wp-content\/uploads\/2023\/06\/pexels-fauxels-3184418-768x512.jpg 768w, https:\/\/tokensrl.it\/wp-content\/uploads\/2023\/06\/pexels-fauxels-3184418-1536x1024.jpg 1536w, https:\/\/tokensrl.it\/wp-content\/uploads\/2023\/06\/pexels-fauxels-3184418-2048x1365.jpg 2048w\" sizes=\"(max-width: 1024px) 100vw, 1024px\" \/><\/figure>\n\n\n\n<p class=\"has-text-align-center\" style=\"font-size:22px;line-height:1.6\">\u201cRendiamo il tuo lavoro semplice, veloce, affidabile. Le nostre infrastrutture garantiscono elevati standard di interconnessione. Ogni tua chiamata arriver\u00e0 a destinazione. Sviluppiamo metodologie di marketing aziendale attraverso l&#8217;e-mail marketing e l&#8217;sms marketing e ti diamo supporto per raggiungere il tuo target e i tuoi obiettivi di vendite.\u201d<\/p>\n\n\n\n<p class=\"has-text-align-center\">Il Team di Token<\/p>\n<\/div>\n\n\n\n<div class=\"wp-block-group alignfull is-layout-constrained wp-container-core-group-is-layout-3fee123f wp-block-group-is-layout-constrained\" id=\"whyus\" style=\"padding-top:144px;padding-bottom:144px\">\n<h2 class=\"wp-block-heading\">Perch\u00e9 sceglierci<\/h2>\n\n\n\n<div class=\"wp-block-columns is-layout-flex wp-container-core-columns-is-layout-29aadeec wp-block-columns-is-layout-flex\" style=\"margin-top:60px\">\n<div class=\"wp-block-column is-layout-flow wp-container-core-column-is-layout-6b73ce23 wp-block-column-is-layout-flow\">\n<figure class=\"wp-block-image size-large\"><img decoding=\"async\" src=\"https:\/\/tokensrl.it\/wp-content\/themes\/astra\/inc\/assets\/images\/starter-content\/passionate.svg\" alt=\"\" class=\"wp-image-162\"\/><\/figure>\n\n\n\n<h3 class=\"wp-block-heading\" style=\"margin-top:16px\">Professionalit\u00e0<\/h3>\n\n\n\n<p>Team con esperienza pluriennale<\/p>\n<\/div>\n\n\n\n<div class=\"wp-block-column is-layout-flow wp-container-core-column-is-layout-6b73ce23 wp-block-column-is-layout-flow\">\n<figure class=\"wp-block-image size-large\"><img decoding=\"async\" src=\"https:\/\/tokensrl.it\/wp-content\/themes\/astra\/inc\/assets\/images\/starter-content\/professional.svg\" alt=\"\" class=\"wp-image-163\"\/><\/figure>\n\n\n\n<h3 class=\"wp-block-heading\" style=\"margin-top:16px\">Affidabilit\u00e0<\/h3>\n\n\n\n<p>Interconnessioni veloci e affidabili<\/p>\n<\/div>\n\n\n\n<div class=\"wp-block-column is-layout-flow wp-container-core-column-is-layout-6b73ce23 wp-block-column-is-layout-flow\">\n<figure class=\"wp-block-image size-large\"><img decoding=\"async\" src=\"https:\/\/tokensrl.it\/wp-content\/themes\/astra\/inc\/assets\/images\/starter-content\/support.svg\" alt=\"\" class=\"wp-image-164\"\/><\/figure>\n\n\n\n<h3 class=\"wp-block-heading\" style=\"margin-top:16px\">Supporto<\/h3>\n\n\n\n<p>Supporto h 24 <\/p>\n<\/div>\n<\/div>\n<\/div>\n\n\n\n<div class=\"wp-block-group alignfull has-background is-layout-constrained wp-container-core-group-is-layout-cfcca693 wp-block-group-is-layout-constrained\" id=\"contact\" style=\"background:linear-gradient(35deg,rgb(6,0,151) 0%,rgb(130,4,255) 64%,rgb(193,15,255) 98%);padding-top:104px;padding-bottom:104px\">\n<h2 class=\"wp-block-heading has-text-align-center has-text-color\" style=\"color:#ffffff\">Contattaci e riserva l&#8217;offerta a te dedicata!<\/h2>\n\n\n\n<div class=\"wp-block-buttons alignwide is-horizontal is-content-justification-center is-layout-flex wp-container-core-buttons-is-layout-bba8380a wp-block-buttons-is-layout-flex\" style=\"margin-top:50px\"><\/div>\n<\/div>\n\n\n<style id=\"wpforms-css-vars-root\">\n\t\t\t\t:root {\n\t\t\t\t\t--wpforms-field-border-radius: 3px;\n--wpforms-field-background-color: #ffffff;\n--wpforms-field-border-color: rgba( 0, 0, 0, 0.25 );\n--wpforms-field-text-color: rgba( 0, 0, 0, 0.7 );\n--wpforms-label-color: rgba( 0, 0, 0, 0.85 );\n--wpforms-label-sublabel-color: rgba( 0, 0, 0, 0.55 );\n--wpforms-label-error-color: #d63637;\n--wpforms-button-border-radius: 3px;\n--wpforms-button-background-color: #066aab;\n--wpforms-button-text-color: #ffffff;\n--wpforms-field-size-input-height: 43px;\n--wpforms-field-size-input-spacing: 15px;\n--wpforms-field-size-font-size: 16px;\n--wpforms-field-size-line-height: 19px;\n--wpforms-field-size-padding-h: 14px;\n--wpforms-field-size-checkbox-size: 16px;\n--wpforms-field-size-sublabel-spacing: 5px;\n--wpforms-field-size-icon-size: 1;\n--wpforms-label-size-font-size: 16px;\n--wpforms-label-size-line-height: 19px;\n--wpforms-label-size-sublabel-font-size: 14px;\n--wpforms-label-size-sublabel-line-height: 17px;\n--wpforms-button-size-font-size: 17px;\n--wpforms-button-size-height: 41px;\n--wpforms-button-size-padding-h: 15px;\n--wpforms-button-size-margin-top: 10px;\n\n\t\t\t\t}\n\t\t\t<\/style><div class=\"wpforms-container wpforms-container-full wpforms-block wpforms-block-bcb1efe2-2e8e-4494-b6fd-5352b32e669f wpforms-render-modern\" id=\"wpforms-60\"><form id=\"wpforms-form-60\" class=\"wpforms-validate wpforms-form wpforms-ajax-form\" data-formid=\"60\" method=\"post\" enctype=\"multipart\/form-data\" action=\"\/index.php\/wp-json\/wp\/v2\/pages\/14\" data-token=\"0c5fdd075c922b202fb7f2b7965b5ba8\"><noscript class=\"wpforms-error-noscript\">Abilita JavaScript nel browser per completare questo modulo.<\/noscript><div class=\"wpforms-hidden\" id=\"wpforms-error-noscript\">Abilita JavaScript nel browser per completare questo modulo.<\/div><div class=\"wpforms-field-container\"><div id=\"wpforms-60-field_0-container\" class=\"wpforms-field wpforms-field-name\" data-field-id=\"0\"><fieldset><legend class=\"wpforms-field-label\">Nome <span class=\"wpforms-required-label\" aria-hidden=\"true\">*<\/span><\/legend><div class=\"wpforms-field-row wpforms-field-medium\"><div class=\"wpforms-field-row-block wpforms-first wpforms-one-half\"><input type=\"text\" id=\"wpforms-60-field_0\" class=\"wpforms-field-name-first wpforms-field-required\" name=\"wpforms[fields][0][first]\" aria-errormessage=\"wpforms-60-field_0-error\" required><label for=\"wpforms-60-field_0\" class=\"wpforms-field-sublabel after \">Nome<\/label><\/div><div class=\"wpforms-field-row-block wpforms-one-half\"><input type=\"text\" id=\"wpforms-60-field_0-last\" class=\"wpforms-field-name-last wpforms-field-required\" name=\"wpforms[fields][0][last]\" aria-errormessage=\"wpforms-60-field_0-last-error\" required><label for=\"wpforms-60-field_0-last\" class=\"wpforms-field-sublabel after \">Cognome<\/label><\/div><\/div><\/fieldset><\/div><div id=\"wpforms-60-field_1-container\" class=\"wpforms-field wpforms-field-email\" data-field-id=\"1\"><label class=\"wpforms-field-label\" for=\"wpforms-60-field_1\">Email <span class=\"wpforms-required-label\" aria-hidden=\"true\">*<\/span><\/label><input type=\"email\" id=\"wpforms-60-field_1\" class=\"wpforms-field-medium wpforms-field-required\" name=\"wpforms[fields][1]\" spellcheck=\"false\" aria-errormessage=\"wpforms-60-field_1-error\" required><\/div><div id=\"wpforms-60-field_2-container\" class=\"wpforms-field wpforms-field-textarea\" data-field-id=\"2\"><label class=\"wpforms-field-label\" for=\"wpforms-60-field_2\">Commento o messaggio <span class=\"wpforms-required-label\" aria-hidden=\"true\">*<\/span><\/label><textarea id=\"wpforms-60-field_2\" class=\"wpforms-field-medium wpforms-field-required\" name=\"wpforms[fields][2]\" aria-errormessage=\"wpforms-60-field_2-error\" required><\/textarea><\/div><\/div><!-- .wpforms-field-container --><div class=\"wpforms-submit-container\" ><input type=\"hidden\" name=\"wpforms[id]\" value=\"60\"><input type=\"hidden\" name=\"wpforms[author]\" value=\"1\"><button type=\"submit\" name=\"wpforms[submit]\" id=\"wpforms-submit-60\" class=\"wpforms-submit\" data-alt-text=\"Invio in corso...\" data-submit-text=\"Invia\" aria-live=\"assertive\" value=\"wpforms-submit\">Invia<\/button><img loading=\"lazy\" decoding=\"async\" src=\"https:\/\/tokensrl.it\/wp-content\/plugins\/wpforms-lite\/assets\/images\/submit-spin.svg\" class=\"wpforms-submit-spinner\" style=\"display: none;\" width=\"26\" height=\"26\" alt=\"Caricamento\"><\/div><\/form><\/div>  <!-- .wpforms-container -->","protected":false},"excerpt":{"rendered":"<p>Servizi voce Le soluzioni ideali per far decollare il tuo business Servizi In Entrata Globali Gestiamo le tue chiamate in ogni singolo paese del mondo Servizi per rivenditori, aziende, call center Supporto tecnico, numeri dedicati, garanzia di affidabilit\u00e0 anche su grandi volumi. Servizi SMS Crea le tue campagne marketing con i messaggi di testo SMS &hellip;<\/p>\n<p class=\"read-more\"> <a class=\"\" href=\"https:\/\/tokensrl.it\/\"> <span class=\"screen-reader-text\">Home<\/span> Leggi altro &raquo;<\/a><\/p>\n","protected":false},"author":1,"featured_media":0,"parent":0,"menu_order":0,"comment_status":"closed","ping_status":"closed","template":"","meta":{"site-sidebar-layout":"no-sidebar","site-content-layout":"plain-container","ast-site-content-layout":"","site-content-style":"default","site-sidebar-style":"default","ast-global-header-display":"","ast-banner-title-visibility":"","ast-main-header-display":"","ast-hfb-above-header-display":"","ast-hfb-below-header-display":"","ast-hfb-mobile-header-display":"","site-post-title":"disabled","ast-breadcrumbs-content":"","ast-featured-img":"","footer-sml-layout":"","theme-transparent-header-meta":"enabled","adv-header-id-meta":"","stick-header-meta":"","header-above-stick-meta":"","header-main-stick-meta":"","header-below-stick-meta":"","astra-migrate-meta-layouts":"","footnotes":""},"class_list":["post-14","page","type-page","status-publish","hentry"],"_links":{"self":[{"href":"https:\/\/tokensrl.it\/index.php\/wp-json\/wp\/v2\/pages\/14","targetHints":{"allow":["GET"]}}],"collection":[{"href":"https:\/\/tokensrl.it\/index.php\/wp-json\/wp\/v2\/pages"}],"about":[{"href":"https:\/\/tokensrl.it\/index.php\/wp-json\/wp\/v2\/types\/page"}],"author":[{"embeddable":true,"href":"https:\/\/tokensrl.it\/index.php\/wp-json\/wp\/v2\/users\/1"}],"replies":[{"embeddable":true,"href":"https:\/\/tokensrl.it\/index.php\/wp-json\/wp\/v2\/comments?post=14"}],"version-history":[{"count":12,"href":"https:\/\/tokensrl.it\/index.php\/wp-json\/wp\/v2\/pages\/14\/revisions"}],"predecessor-version":[{"id":77,"href":"https:\/\/tokensrl.it\/index.php\/wp-json\/wp\/v2\/pages\/14\/revisions\/77"}],"wp:attachment":[{"href":"https:\/\/tokensrl.it\/index.php\/wp-json\/wp\/v2\/media?parent=14"}],"curies":[{"name":"wp","href":"https:\/\/api.w.org\/{rel}","templated":true}]}}